{"id":870,"date":"2023-04-03T17:38:33","date_gmt":"2023-04-03T17:38:33","guid":{"rendered":"https:\/\/gruporeviver.org.br\/?page_id=870"},"modified":"2026-02-19T13:49:54","modified_gmt":"2026-02-19T13:49:54","slug":"como-doar","status":"publish","type":"page","link":"https:\/\/gruporeviver.org.br\/index.php\/como-doar\/","title":{"rendered":"Como Doar"},"content":{"rendered":"<div id='av_section_1'  class='avia-section av-5rtqhq-ec09598f4fb0e85daf4e2e013b334746 main_color avia-section-large avia-no-border-styling  avia-builder-el-0  avia-builder-el-no-sibling  avia-bg-style-scroll container_wrap fullsize'  ><div class='container av-section-cont-open' ><main  role=\"main\" itemprop=\"mainContentOfPage\"  class='template-page content  av-content-full alpha units'><div class='post-entry post-entry-type-page post-entry-870'><div class='entry-content-wrapper clearfix'>\n\n<style type=\"text\/css\" data-created_by=\"avia_inline_auto\" id=\"style-css-av-lgl1x52l-d43dadf70fe7efe56249ec61c8310ca7\">\n#top .av-special-heading.av-lgl1x52l-d43dadf70fe7efe56249ec61c8310ca7{\nmargin:0 0 0 0;\npadding-bottom:0;\nfont-size:50px;\n}\nbody .av-special-heading.av-lgl1x52l-d43dadf70fe7efe56249ec61c8310ca7 .av-special-heading-tag .heading-char{\nfont-size:25px;\n}\n#top #wrap_all .av-special-heading.av-lgl1x52l-d43dadf70fe7efe56249ec61c8310ca7 .av-special-heading-tag{\nfont-size:50px;\n}\n.av-special-heading.av-lgl1x52l-d43dadf70fe7efe56249ec61c8310ca7 .av-subheading{\nfont-size:30px;\n}\n\n@media only screen and (min-width: 480px) and (max-width: 767px){ \n#top #wrap_all .av-special-heading.av-lgl1x52l-d43dadf70fe7efe56249ec61c8310ca7 .av-special-heading-tag{\nfont-size:0.8em;\n}\n}\n\n@media only screen and (max-width: 479px){ \n#top #wrap_all .av-special-heading.av-lgl1x52l-d43dadf70fe7efe56249ec61c8310ca7 .av-special-heading-tag{\nfont-size:0.8em;\n}\n}\n<\/style>\n<div  class='av-special-heading av-lgl1x52l-d43dadf70fe7efe56249ec61c8310ca7 av-special-heading-h3 blockquote modern-quote modern-centered  avia-builder-el-1  el_before_av_hr  avia-builder-el-first  av-inherit-size'><h3 class='av-special-heading-tag'  itemprop=\"headline\"  >Como Doar<\/h3><div class=\"special-heading-border\"><div class=\"special-heading-inner-border\"><\/div><\/div><\/div>\n\n<style type=\"text\/css\" data-created_by=\"avia_inline_auto\" id=\"style-css-av-5lfh52-b55e56837b6ebd1af2827b91ca0303af\">\n#top .hr.hr-invisible.av-5lfh52-b55e56837b6ebd1af2827b91ca0303af{\nheight:40px;\n}\n<\/style>\n<div  class='hr av-5lfh52-b55e56837b6ebd1af2827b91ca0303af hr-invisible  avia-builder-el-2  el_after_av_heading  el_before_av_one_third '><span class='hr-inner '><span class=\"hr-inner-style\"><\/span><\/span><\/div>\n<div class='flex_column_table av-5exxqe-e45c0c00cbeb024e41ac764e09243c02 sc-av_one_third av-equal-height-column-flextable'>\n<style type=\"text\/css\" data-created_by=\"avia_inline_auto\" id=\"style-css-av-5exxqe-e45c0c00cbeb024e41ac764e09243c02\">\n#top .flex_column_table.av-equal-height-column-flextable.av-5exxqe-e45c0c00cbeb024e41ac764e09243c02{\nmargin-top:0px;\nmargin-bottom:0px;\n}\n.flex_column.av-5exxqe-e45c0c00cbeb024e41ac764e09243c02{\n-webkit-border-radius:3px 3px 3px 3px;\n-moz-border-radius:3px 3px 3px 3px;\nborder-radius:3px 3px 3px 3px;\npadding:40px 40px 40px 40px;\nbackground-color:#ff78c2;\n}\n<\/style>\n<div class='flex_column av-5exxqe-e45c0c00cbeb024e41ac764e09243c02 av_one_third  avia-builder-el-3  el_after_av_hr  el_before_av_one_third  custom-shadow first flex_column_table_cell av-equal-height-column av-align-middle av-animated-generic left-to-right '     ><p>\n<style type=\"text\/css\" data-created_by=\"avia_inline_auto\" id=\"style-css-av-560fnq-5259b3cbe7f51009b69329cab6c0138b\">\n.avia-image-container.av-560fnq-5259b3cbe7f51009b69329cab6c0138b img.avia_image{\nbox-shadow:none;\n}\n.avia-image-container.av-560fnq-5259b3cbe7f51009b69329cab6c0138b .av-image-caption-overlay-center{\ncolor:#ffffff;\n}\n<\/style>\n<div  class='avia-image-container av-560fnq-5259b3cbe7f51009b69329cab6c0138b av-styling- avia-align-center  avia-builder-el-4  el_before_av_heading  avia-builder-el-first '   itemprop=\"image\" itemscope=\"itemscope\" itemtype=\"https:\/\/schema.org\/ImageObject\" ><div class=\"avia-image-container-inner\"><div class=\"avia-image-overlay-wrap\"><img decoding=\"async\" class='wp-image-927 avia-img-lazy-loading-not-927 avia_image ' src=\"https:\/\/gruporeviver.org.br\/wp-content\/uploads\/2023\/04\/pix-180x180.png\" alt='' title='pix'  height=\"180\" width=\"180\"  itemprop=\"thumbnailUrl\" srcset=\"https:\/\/gruporeviver.org.br\/wp-content\/uploads\/2023\/04\/pix-180x180.png 180w, https:\/\/gruporeviver.org.br\/wp-content\/uploads\/2023\/04\/pix-300x300.png 300w, https:\/\/gruporeviver.org.br\/wp-content\/uploads\/2023\/04\/pix-80x80.png 80w, https:\/\/gruporeviver.org.br\/wp-content\/uploads\/2023\/04\/pix-768x768.png 768w, https:\/\/gruporeviver.org.br\/wp-content\/uploads\/2023\/04\/pix-36x36.png 36w, https:\/\/gruporeviver.org.br\/wp-content\/uploads\/2023\/04\/pix-705x705.png 705w, https:\/\/gruporeviver.org.br\/wp-content\/uploads\/2023\/04\/pix.png 800w\" sizes=\"(max-width: 180px) 100vw, 180px\" \/><\/div><\/div><\/div><br \/>\n\n<style type=\"text\/css\" data-created_by=\"avia_inline_auto\" id=\"style-css-av-535tzi-0b5d146cdeff1540e430946e1efa8cbc\">\n#top .av-special-heading.av-535tzi-0b5d146cdeff1540e430946e1efa8cbc{\nmargin:25px 0 0 0;\npadding-bottom:10px;\ncolor:#ffffff;\n}\nbody .av-special-heading.av-535tzi-0b5d146cdeff1540e430946e1efa8cbc .av-special-heading-tag .heading-char{\nfont-size:25px;\n}\n.av-special-heading.av-535tzi-0b5d146cdeff1540e430946e1efa8cbc .special-heading-inner-border{\nborder-color:#ffffff;\n}\n.av-special-heading.av-535tzi-0b5d146cdeff1540e430946e1efa8cbc .av-subheading{\nfont-size:15px;\n}\n<\/style>\n<div  class='av-special-heading av-535tzi-0b5d146cdeff1540e430946e1efa8cbc av-special-heading-h2 custom-color-heading blockquote modern-quote modern-centered  avia-builder-el-5  el_after_av_image  el_before_av_textblock '><h2 class='av-special-heading-tag'  itemprop=\"headline\"  >Pix<\/h2><div class=\"special-heading-border\"><div class=\"special-heading-inner-border\"><\/div><\/div><\/div><br \/>\n\n<style type=\"text\/css\" data-created_by=\"avia_inline_auto\" id=\"style-css-av-4vtfgu-749b983e4096fb098a93919b3f3aca6e\">\n#top .av_textblock_section.av-4vtfgu-749b983e4096fb098a93919b3f3aca6e .avia_textblock{\ncolor:#ffffff;\n}\n<\/style>\n<section  class='av_textblock_section av-4vtfgu-749b983e4096fb098a93919b3f3aca6e'  itemscope=\"itemscope\" itemtype=\"https:\/\/schema.org\/CreativeWork\" ><div class='avia_textblock av_inherit_color'  itemprop=\"text\" ><p style=\"text-align: center;\">Acesse a op\u00e7\u00e3o PIX no aplicativo do seu banco, selecione &#8220;Enviar&#8221;, informe os dados do recebedor e o valor a ser enviado, confirme a transa\u00e7\u00e3o.<\/p>\n<p style=\"text-align: center;\">CNPJ:73.803.496\/0001-05<\/p>\n<\/div><\/section><br \/>\n\n<style type=\"text\/css\" data-created_by=\"avia_inline_auto\" id=\"style-css-av-4qodfi-8689f5c9a46077d26f062eabc06f0a43\">\n#top .hr.hr-invisible.av-4qodfi-8689f5c9a46077d26f062eabc06f0a43{\nheight:20px;\n}\n<\/style>\n<div  class='hr av-4qodfi-8689f5c9a46077d26f062eabc06f0a43 hr-invisible  avia-builder-el-7  el_after_av_textblock  el_before_av_button '><span class='hr-inner '><span class=\"hr-inner-style\"><\/span><\/span><\/div><br \/>\n<div  class='avia-button-wrap av-4ik9zy-1f5562f4506e85592ed30e8d7dc5c1ed-wrap avia-button-center  avia-builder-el-8  el_after_av_hr  avia-builder-el-last '>\n<style type=\"text\/css\" data-created_by=\"avia_inline_auto\" id=\"style-css-av-4ik9zy-1f5562f4506e85592ed30e8d7dc5c1ed\">\n#top #wrap_all .avia-button.av-4ik9zy-1f5562f4506e85592ed30e8d7dc5c1ed{\nbackground-color:#ffd015;\nborder-color:#ffd015;\n-webkit-transition:all 0.4s ease-in-out;\n-moz-transition:all 0.4s ease-in-out;\n-ms-transition:all 0.4s ease-in-out;\n-o-transition:all 0.4s ease-in-out;\ntransition:all 0.4s ease-in-out;\n}\n#top #wrap_all .avia-button.av-4ik9zy-1f5562f4506e85592ed30e8d7dc5c1ed:hover{\ncolor:white;\n-webkit-transition:all 0.4s ease-in-out;\n-moz-transition:all 0.4s ease-in-out;\n-ms-transition:all 0.4s ease-in-out;\n-o-transition:all 0.4s ease-in-out;\ntransition:all 0.4s ease-in-out;\n}\n<\/style>\n<a href=''  class='avia-button av-4ik9zy-1f5562f4506e85592ed30e8d7dc5c1ed avia-icon_select-no avia-size-large avia-position-center avia-font-color-black'  ><span class='avia_iconbox_title' >SAIBA MAIS<\/span><span class='avia_button_background avia-button avia-color-light' ><\/span><\/a><\/div><\/p><\/div><div class='av-flex-placeholder'><\/div>\n<style type=\"text\/css\" data-created_by=\"avia_inline_auto\" id=\"style-css-av-4fbun2-bcfe8d467baf1831d20ad6d7c41f6723\">\n#top .flex_column_table.av-equal-height-column-flextable.av-4fbun2-bcfe8d467baf1831d20ad6d7c41f6723{\nmargin-top:0px;\nmargin-bottom:70px;\n}\n.flex_column.av-4fbun2-bcfe8d467baf1831d20ad6d7c41f6723{\n-webkit-border-radius:3px 3px 3px 3px;\n-moz-border-radius:3px 3px 3px 3px;\nborder-radius:3px 3px 3px 3px;\npadding:40px 40px 40px 40px;\nbackground-color:#007ed3;\n}\n<\/style>\n<div class='flex_column av-4fbun2-bcfe8d467baf1831d20ad6d7c41f6723 av_one_third  avia-builder-el-9  el_after_av_one_third  el_before_av_one_third  custom-shadow flex_column_table_cell av-equal-height-column av-align-middle av-animated-generic left-to-right '     ><p>\n<style type=\"text\/css\" data-created_by=\"avia_inline_auto\" id=\"style-css-av-48ydu6-2314ed3a35b2a45b1ed6f762f193082e\">\n.avia-image-container.av-48ydu6-2314ed3a35b2a45b1ed6f762f193082e img.avia_image{\nbox-shadow:none;\n}\n.avia-image-container.av-48ydu6-2314ed3a35b2a45b1ed6f762f193082e .av-image-caption-overlay-center{\ncolor:#ffffff;\n}\n<\/style>\n<div  class='avia-image-container av-48ydu6-2314ed3a35b2a45b1ed6f762f193082e av-styling- avia-align-center  avia-builder-el-10  el_before_av_heading  avia-builder-el-first '   itemprop=\"image\" itemscope=\"itemscope\" itemtype=\"https:\/\/schema.org\/ImageObject\" ><div class=\"avia-image-container-inner\"><div class=\"avia-image-overlay-wrap\"><img decoding=\"async\" class='wp-image-926 avia-img-lazy-loading-not-926 avia_image ' src=\"https:\/\/gruporeviver.org.br\/wp-content\/uploads\/2023\/04\/deposito-180x180.png\" alt='' title='deposito'  height=\"180\" width=\"180\"  itemprop=\"thumbnailUrl\" srcset=\"https:\/\/gruporeviver.org.br\/wp-content\/uploads\/2023\/04\/deposito-180x180.png 180w, https:\/\/gruporeviver.org.br\/wp-content\/uploads\/2023\/04\/deposito-300x300.png 300w, https:\/\/gruporeviver.org.br\/wp-content\/uploads\/2023\/04\/deposito-80x80.png 80w, https:\/\/gruporeviver.org.br\/wp-content\/uploads\/2023\/04\/deposito-768x768.png 768w, https:\/\/gruporeviver.org.br\/wp-content\/uploads\/2023\/04\/deposito-36x36.png 36w, https:\/\/gruporeviver.org.br\/wp-content\/uploads\/2023\/04\/deposito-705x705.png 705w, https:\/\/gruporeviver.org.br\/wp-content\/uploads\/2023\/04\/deposito.png 800w\" sizes=\"(max-width: 180px) 100vw, 180px\" \/><\/div><\/div><\/div><br \/>\n\n<style type=\"text\/css\" data-created_by=\"avia_inline_auto\" id=\"style-css-av-418yye-7fbad88797cd12e736e40cc7ff00a1a2\">\n#top .av-special-heading.av-418yye-7fbad88797cd12e736e40cc7ff00a1a2{\nmargin:25px 0 0 0;\npadding-bottom:10px;\ncolor:#ffffff;\n}\nbody .av-special-heading.av-418yye-7fbad88797cd12e736e40cc7ff00a1a2 .av-special-heading-tag .heading-char{\nfont-size:25px;\n}\n.av-special-heading.av-418yye-7fbad88797cd12e736e40cc7ff00a1a2 .special-heading-inner-border{\nborder-color:#ffffff;\n}\n.av-special-heading.av-418yye-7fbad88797cd12e736e40cc7ff00a1a2 .av-subheading{\nfont-size:15px;\n}\n<\/style>\n<div  class='av-special-heading av-418yye-7fbad88797cd12e736e40cc7ff00a1a2 av-special-heading-h2 custom-color-heading blockquote modern-quote modern-centered  avia-builder-el-11  el_after_av_image  el_before_av_textblock '><h2 class='av-special-heading-tag'  itemprop=\"headline\"  >Dep\u00f3sito<\/h2><div class=\"special-heading-border\"><div class=\"special-heading-inner-border\"><\/div><\/div><\/div><br \/>\n\n<style type=\"text\/css\" data-created_by=\"avia_inline_auto\" id=\"style-css-av-3xz01i-3be38f55df31b2db777feaaafe4393a5\">\n#top .av_textblock_section.av-3xz01i-3be38f55df31b2db777feaaafe4393a5 .avia_textblock{\ncolor:#ffffff;\n}\n<\/style>\n<section  class='av_textblock_section av-3xz01i-3be38f55df31b2db777feaaafe4393a5'  itemscope=\"itemscope\" itemtype=\"https:\/\/schema.org\/CreativeWork\" ><div class='avia_textblock av_inherit_color'  itemprop=\"text\" ><p style=\"text-align: center;\">Para realizar uma transfer\u00eancia banc\u00e1ria, acesse o aplicativo do seu banco, selecione a op\u00e7\u00e3o &#8220;Transferir&#8221;, informe os dados do benefici\u00e1rio, como nome completo, CPF\/CNPJ, banco, ag\u00eancia e conta, e o valor a ser transferido, e confirme a transa\u00e7\u00e3o.<\/p>\n<p style=\"text-align: center;\">Caixa Econ\u00f4mica Federal<br \/>\nAg\u00eancia: 4838<br \/>\nConta: 577521338-2<br \/>\nOpera\u00e7\u00e3o: 003<br \/>\nCNPJ:73.803.496\/0001-05<\/p>\n<\/div><\/section><br \/>\n\n<style type=\"text\/css\" data-created_by=\"avia_inline_auto\" id=\"style-css-av-3oh2mm-cf777cda1007fdfe0c32273eac2e56b4\">\n#top .hr.hr-invisible.av-3oh2mm-cf777cda1007fdfe0c32273eac2e56b4{\nheight:20px;\n}\n<\/style>\n<div  class='hr av-3oh2mm-cf777cda1007fdfe0c32273eac2e56b4 hr-invisible  avia-builder-el-13  el_after_av_textblock  el_before_av_button '><span class='hr-inner '><span class=\"hr-inner-style\"><\/span><\/span><\/div><br \/>\n<div  class='avia-button-wrap av-3l7ojq-30af513a45afaf2c8d8a555bbe0343d5-wrap avia-button-center  avia-builder-el-14  el_after_av_hr  avia-builder-el-last '>\n<style type=\"text\/css\" data-created_by=\"avia_inline_auto\" id=\"style-css-av-3l7ojq-30af513a45afaf2c8d8a555bbe0343d5\">\n#top #wrap_all .avia-button.av-3l7ojq-30af513a45afaf2c8d8a555bbe0343d5{\nbackground-color:#ff78c2;\nborder-color:#ff78c2;\n-webkit-transition:all 0.4s ease-in-out;\n-moz-transition:all 0.4s ease-in-out;\n-ms-transition:all 0.4s ease-in-out;\n-o-transition:all 0.4s ease-in-out;\ntransition:all 0.4s ease-in-out;\n}\n#top #wrap_all .avia-button.av-3l7ojq-30af513a45afaf2c8d8a555bbe0343d5:hover{\ncolor:white;\n-webkit-transition:all 0.4s ease-in-out;\n-moz-transition:all 0.4s ease-in-out;\n-ms-transition:all 0.4s ease-in-out;\n-o-transition:all 0.4s ease-in-out;\ntransition:all 0.4s ease-in-out;\n}\n<\/style>\n<a href=''  class='avia-button av-3l7ojq-30af513a45afaf2c8d8a555bbe0343d5 avia-icon_select-no avia-size-large avia-position-center avia-font-color-theme-color'  ><span class='avia_iconbox_title' >SAIBA MAIS<\/span><span class='avia_button_background avia-button avia-color-light' ><\/span><\/a><\/div><\/p><\/div><div class='av-flex-placeholder'><\/div>\n<style type=\"text\/css\" data-created_by=\"avia_inline_auto\" id=\"style-css-av-3d680u-c394f34253b75dd86b847d967603a488\">\n#top .flex_column_table.av-equal-height-column-flextable.av-3d680u-c394f34253b75dd86b847d967603a488{\nmargin-top:0px;\nmargin-bottom:70px;\n}\n.flex_column.av-3d680u-c394f34253b75dd86b847d967603a488{\n-webkit-border-radius:3px 3px 3px 3px;\n-moz-border-radius:3px 3px 3px 3px;\nborder-radius:3px 3px 3px 3px;\npadding:40px 40px 40px 40px;\nbackground-color:#49dc9a;\n}\n<\/style>\n<div class='flex_column av-3d680u-c394f34253b75dd86b847d967603a488 av_one_third  avia-builder-el-15  el_after_av_one_third  avia-builder-el-last  custom-shadow flex_column_table_cell av-equal-height-column av-align-middle av-animated-generic left-to-right '     ><p>\n<style type=\"text\/css\" data-created_by=\"avia_inline_auto\" id=\"style-css-av-36gtfq-b731b420dd685b9ae46aac4881db58c6\">\n.avia-image-container.av-36gtfq-b731b420dd685b9ae46aac4881db58c6 img.avia_image{\nbox-shadow:none;\n}\n.avia-image-container.av-36gtfq-b731b420dd685b9ae46aac4881db58c6 .av-image-caption-overlay-center{\ncolor:#ffffff;\n}\n<\/style>\n<div  class='avia-image-container av-36gtfq-b731b420dd685b9ae46aac4881db58c6 av-styling- avia-align-center  avia-builder-el-16  el_before_av_heading  avia-builder-el-first '   itemprop=\"image\" itemscope=\"itemscope\" itemtype=\"https:\/\/schema.org\/ImageObject\" ><div class=\"avia-image-container-inner\"><div class=\"avia-image-overlay-wrap\"><img decoding=\"async\" class='wp-image-928 avia-img-lazy-loading-not-928 avia_image ' src=\"https:\/\/gruporeviver.org.br\/wp-content\/uploads\/2023\/04\/whatsapp-180x180.png\" alt='' title='whatsapp'  height=\"180\" width=\"180\"  itemprop=\"thumbnailUrl\" srcset=\"https:\/\/gruporeviver.org.br\/wp-content\/uploads\/2023\/04\/whatsapp-180x180.png 180w, https:\/\/gruporeviver.org.br\/wp-content\/uploads\/2023\/04\/whatsapp-300x300.png 300w, https:\/\/gruporeviver.org.br\/wp-content\/uploads\/2023\/04\/whatsapp-80x80.png 80w, https:\/\/gruporeviver.org.br\/wp-content\/uploads\/2023\/04\/whatsapp-768x768.png 768w, https:\/\/gruporeviver.org.br\/wp-content\/uploads\/2023\/04\/whatsapp-36x36.png 36w, https:\/\/gruporeviver.org.br\/wp-content\/uploads\/2023\/04\/whatsapp-705x705.png 705w, https:\/\/gruporeviver.org.br\/wp-content\/uploads\/2023\/04\/whatsapp.png 800w\" sizes=\"(max-width: 180px) 100vw, 180px\" \/><\/div><\/div><\/div><br \/>\n\n<style type=\"text\/css\" data-created_by=\"avia_inline_auto\" id=\"style-css-av-31j3ae-8cff708c1348cee61d05fa17bf6b1f05\">\n#top .av-special-heading.av-31j3ae-8cff708c1348cee61d05fa17bf6b1f05{\nmargin:25px 0 0 0;\npadding-bottom:10px;\ncolor:#ffffff;\n}\nbody .av-special-heading.av-31j3ae-8cff708c1348cee61d05fa17bf6b1f05 .av-special-heading-tag .heading-char{\nfont-size:25px;\n}\n.av-special-heading.av-31j3ae-8cff708c1348cee61d05fa17bf6b1f05 .special-heading-inner-border{\nborder-color:#ffffff;\n}\n.av-special-heading.av-31j3ae-8cff708c1348cee61d05fa17bf6b1f05 .av-subheading{\nfont-size:15px;\n}\n<\/style>\n<div  class='av-special-heading av-31j3ae-8cff708c1348cee61d05fa17bf6b1f05 av-special-heading-h2 custom-color-heading blockquote modern-quote modern-centered  avia-builder-el-17  el_after_av_image  el_before_av_textblock '><h2 class='av-special-heading-tag'  itemprop=\"headline\"  >Whatsapp<\/h2><div class=\"special-heading-border\"><div class=\"special-heading-inner-border\"><\/div><\/div><\/div><br \/>\n\n<style type=\"text\/css\" data-created_by=\"avia_inline_auto\" id=\"style-css-av-2vz0cu-be5276a964e29ec4a849aac5f4aaaa62\">\n#top .av_textblock_section.av-2vz0cu-be5276a964e29ec4a849aac5f4aaaa62 .avia_textblock{\ncolor:#ffffff;\n}\n<\/style>\n<section  class='av_textblock_section av-2vz0cu-be5276a964e29ec4a849aac5f4aaaa62'  itemscope=\"itemscope\" itemtype=\"https:\/\/schema.org\/CreativeWork\" ><div class='avia_textblock av_inherit_color'  itemprop=\"text\" ><p style=\"text-align: center;\">Verifique todas as op\u00e7\u00f5es de doa\u00e7\u00e3o dispon\u00edveis no WhatsApp. Acesse agora mesmo e saiba como fazer a diferen\u00e7a!<\/p>\n<\/div><\/section><br \/>\n\n<style type=\"text\/css\" data-created_by=\"avia_inline_auto\" id=\"style-css-av-2p43gu-7e1e94adb3fb55a040f2ec73d64f30b1\">\n#top .hr.hr-invisible.av-2p43gu-7e1e94adb3fb55a040f2ec73d64f30b1{\nheight:20px;\n}\n<\/style>\n<div  class='hr av-2p43gu-7e1e94adb3fb55a040f2ec73d64f30b1 hr-invisible  avia-builder-el-19  el_after_av_textblock  el_before_av_button '><span class='hr-inner '><span class=\"hr-inner-style\"><\/span><\/span><\/div><br \/>\n<div  class='avia-button-wrap av-92wf2-bb0336cb478dc4c0072ea436dabb0a02-wrap avia-button-center  avia-builder-el-20  el_after_av_hr  avia-builder-el-last '>\n<style type=\"text\/css\" data-created_by=\"avia_inline_auto\" id=\"style-css-av-92wf2-bb0336cb478dc4c0072ea436dabb0a02\">\n#top #wrap_all .avia-button.av-92wf2-bb0336cb478dc4c0072ea436dabb0a02{\nbackground-color:#047a70;\nborder-color:#047a70;\n-webkit-transition:all 0.4s ease-in-out;\n-moz-transition:all 0.4s ease-in-out;\n-ms-transition:all 0.4s ease-in-out;\n-o-transition:all 0.4s ease-in-out;\ntransition:all 0.4s ease-in-out;\n}\n#top #wrap_all .avia-button.av-92wf2-bb0336cb478dc4c0072ea436dabb0a02:hover{\ncolor:white;\n-webkit-transition:all 0.4s ease-in-out;\n-moz-transition:all 0.4s ease-in-out;\n-ms-transition:all 0.4s ease-in-out;\n-o-transition:all 0.4s ease-in-out;\ntransition:all 0.4s ease-in-out;\n}\n<\/style>\n<a href=''  class='avia-button av-92wf2-bb0336cb478dc4c0072ea436dabb0a02 avia-icon_select-no avia-size-large avia-position-center avia-font-color-theme-color'  ><span class='avia_iconbox_title' >SAIBA MAIS<\/span><span class='avia_button_background avia-button avia-color-light' ><\/span><\/a><\/div><\/p><\/div><\/div><!--close column table wrapper. Autoclose: 1 -->\n","protected":false},"excerpt":{"rendered":"","protected":false},"author":1,"featured_media":0,"parent":0,"menu_order":0,"comment_status":"closed","ping_status":"closed","template":"","meta":{"footnotes":""},"class_list":["post-870","page","type-page","status-publish","hentry"],"_links":{"self":[{"href":"https:\/\/gruporeviver.org.br\/index.php\/wp-json\/wp\/v2\/pages\/870","targetHints":{"allow":["GET"]}}],"collection":[{"href":"https:\/\/gruporeviver.org.br\/index.php\/wp-json\/wp\/v2\/pages"}],"about":[{"href":"https:\/\/gruporeviver.org.br\/index.php\/wp-json\/wp\/v2\/types\/page"}],"author":[{"embeddable":true,"href":"https:\/\/gruporeviver.org.br\/index.php\/wp-json\/wp\/v2\/users\/1"}],"replies":[{"embeddable":true,"href":"https:\/\/gruporeviver.org.br\/index.php\/wp-json\/wp\/v2\/comments?post=870"}],"version-history":[{"count":16,"href":"https:\/\/gruporeviver.org.br\/index.php\/wp-json\/wp\/v2\/pages\/870\/revisions"}],"predecessor-version":[{"id":1157,"href":"https:\/\/gruporeviver.org.br\/index.php\/wp-json\/wp\/v2\/pages\/870\/revisions\/1157"}],"wp:attachment":[{"href":"https:\/\/gruporeviver.org.br\/index.php\/wp-json\/wp\/v2\/media?parent=870"}],"curies":[{"name":"wp","href":"https:\/\/api.w.org\/{rel}","templated":true}]}}